{"id":308,"date":"2025-10-02T11:53:36","date_gmt":"2025-10-02T14:53:36","guid":{"rendered":"https:\/\/webco.joaovmoreira.com\/?page_id=308"},"modified":"2025-11-06T12:00:09","modified_gmt":"2025-11-06T15:00:09","slug":"formsseller","status":"publish","type":"page","link":"https:\/\/webco.joaovmoreira.com\/en\/formsseller\/","title":{"rendered":"FormsSeller"},"content":{"rendered":"<div data-elementor-type=\"wp-page\" data-elementor-id=\"308\" class=\"elementor elementor-308\" data-elementor-post-type=\"page\">\n\t\t\t\t<div class=\"elementor-element elementor-element-92d95b4 e-con-full e-grid e-con e-parent\" data-id=\"92d95b4\" data-element_type=\"container\" data-settings=\"{&quot;background_background&quot;:&quot;classic&quot;}\">\n\t\t<div class=\"elementor-element elementor-element-916abf2 e-con-full e-flex e-con e-child\" data-id=\"916abf2\" data-element_type=\"container\" data-settings=\"{&quot;background_background&quot;:&quot;classic&quot;}\">\n\t\t\t\t<\/div>\n\t\t\t\t<div class=\"elementor-element elementor-element-5b15684 elementor-widget__width-inherit elementor-widget elementor-widget-jet-form-builder-form\" data-id=\"5b15684\" data-element_type=\"widget\" data-widget_type=\"jet-form-builder-form.default\">\n\t\t\t\t<div class=\"elementor-widget-container\">\n\t\t\t\t\t<link rel='stylesheet' id='wp-block-library-css' href='https:\/\/webco.joaovmoreira.com\/wp-includes\/css\/dist\/block-library\/style.min.css?ver=6.9.4' media='all' \/>\n<style id=\"jet-form-builder-316-inline-css\"><\/style><form  class=\"jet-form-builder layout-column submit-type-reload\" action=\"https:\/\/webco.joaovmoreira.com\/en\/wp-json\/wp\/v2\/pages\/308\/?IlzL51=hyxdtGMvNg&#038;method=reload\" method=\"POST\" data-form-id=\"316\" data-layout=\"column\" enctype=\"multipart\/form-data\" novalidate=\"null\" ssr_validation_method=\"rest\" data-trp-original-action=\"https:\/\/webco.joaovmoreira.com\/en\/wp-json\/wp\/v2\/pages\/308\/?IlzL51=hyxdtGMvNg&amp;method=reload\"><input type=\"hidden\" id=\"_wpnonce\" name=\"_wpnonce\" value=\"7de1f4673a\" \/><input type=\"hidden\" name=\"_wp_http_referer\" value=\"\/en\/wp-json\/wp\/v2\/pages\/308\" \/>\r\n<input type=\"hidden\" name=\"_jfb_current_render_states[]\" value=\"DEFAULT.STATE\" data-jfb-sync \/><input type=\"hidden\" class=\"jet-form-builder__field hidden-field\" name=\"_jet_engine_booking_form_id\" data-field-name=\"_jet_engine_booking_form_id\" value=\"316\">\n<input type=\"hidden\" class=\"jet-form-builder__field hidden-field\" name=\"_jet_engine_refer\" data-field-name=\"_jet_engine_refer\" value=\"https:\/\/webco.joaovmoreira.com\/en\/wp-json\/wp\/v2\/pages\/308\/\">\n<input type=\"hidden\" class=\"jet-form-builder__field hidden-field\" name=\"__queried_post_id\" data-field-name=\"__queried_post_id\" value=\"308\">\n<div class=\"jet-form-builder-page\" data-page=\"1\" data-page-offset=\"75\"><div  class=\"jet-form-builder-row field-type-heading-field\" >\n<div class=\"jet-form-builder__heading\">\r\n<div class=\"jet-form-builder__label-text\">Dados do Usu\u00e1rio<\/div><\/div>\n<\/div>\n\n<div  class=\"jet-form-builder-row field-type-text-field\" >\n<div class=\"jet-form-builder__label\">\r\n<div class=\"jet-form-builder__label-text\">Email<\/div><\/div><div class=\"jet-form-builder__field-wrap\">\n\t\t\t\t<input name=\"email\" id=\"email\" type=\"email\" data-field-name=\"email\" class=\"jet-form-builder__field text-field\" data-jfb-sync=\"null\" autocomplete=\"off_7L6nGwWK\">\n\t\t\t\t\t<\/div>\n<\/div>\n\n<div  class=\"jet-form-builder-row field-type-text-field\" >\n<div class=\"jet-form-builder__label\">\r\n<div class=\"jet-form-builder__label-text\">Nome contato <span class=\"jet-form-builder__required\">*<\/span><\/div><\/div><div class=\"jet-form-builder__field-wrap\">\n\t\t\t\t<input required=\"required\" name=\"nome_contato_principal\" id=\"nome_contato_principal\" type=\"text\" data-field-name=\"nome_contato_principal\" class=\"jet-form-builder__field text-field\" data-jfb-sync=\"null\" autocomplete=\"off_fB8cYJqv\">\n\t\t\t\t\t<\/div>\n<\/div>\n\n<div  class=\"jet-form-builder-row field-type-select-field wp-block-jet-forms-select-field\">\n<div class=\"jet-form-builder__label\">\r\n<div class=\"jet-form-builder__label-text\">Cargo <span class=\"jet-form-builder__required\">*<\/span><\/div><\/div><div class=\"jet-form-builder__field-wrap\">\n\t<select class=\"jet-form-builder__field select-field\" required=\"required\" name=\"cargo\" data-field-name=\"cargo\" id=\"cargo\" data-jfb-sync=\"null\" data-default-val=\" \">\n\t\t<option value=\"\" >Selecione<\/option><option value=\"ceo\" >CEO<\/option><option value=\"diretor\" >Diretor<\/option><option value=\"gerente\" >Gerente<\/option><option value=\"coordenador\" >Coordenador<\/option><option value=\"supervisor\" >Supervisor<\/option><option value=\"analista\" >Analista<\/option><option value=\"assistente\" >Assistente<\/option><option value=\"outros\" >Outros<\/option>\t<\/select>\n<\/div>\n<\/div>\n\n<div  data-validation-type=\"advanced\" data-validation-rules=\"[{&quot;__visible&quot;:true,&quot;value&quot;:&quot;&quot;}]\" data-validation-messages=\"{&quot;inputmask&quot;:&quot;Complete o n\u00famero do telefone&quot;,&quot;empty&quot;:&quot;Campo vazio&quot;}\" data-value=\"[{&quot;id&quot;:8024,&quot;conditions&quot;:[{&quot;__visible&quot;:true,&quot;value&quot;:&quot;&quot;}],&quot;to_set&quot;:&quot;&quot;}]\" class=\"jet-form-builder-row field-type-text-field\" >\n<div class=\"jet-form-builder__label\">\r\n<div class=\"jet-form-builder__label-text\">Telefone <span class=\"jet-form-builder__required\">*<\/span><\/div><\/div><div class=\"jet-form-builder__field-wrap\">\n\t\t\t\t<input required=\"required\" name=\"telefone\" id=\"telefone\" type=\"tel\" data-field-name=\"telefone\" class=\"jet-form-builder__field text-field jet-form-builder__masked-field\" data-jfb-sync=\"null\" autocomplete=\"off_hDcufgsX\" data-inputmask=\"&#039;mask&#039;: &#039;(99) 99999-9999&#039;\" data-inputmask-placeholder=\"_\" data-inputmask-clearmaskonlostfocus=\"false\">\n\t\t\t\t\t<\/div>\n<\/div>\n\n<div class=\"jet-form-builder__next-page-wrap\">\n\t\t\t\t\t<button class=\"jet-form-builder__next-page\" type=\"button\">Seguir<\/button>\n\t<\/div>\n<\/div>\n<div class=\"jet-form-builder-page jet-form-builder-page--hidden\" data-page=\"2\" data-page-offset=\"75\">\n\n<div  class=\"jet-form-builder-row field-type-heading-field\" >\n<div class=\"jet-form-builder__heading\">\r\n<div class=\"jet-form-builder__label-text\">Dados da Loja<\/div><\/div>\n<\/div>\n\n<div  data-validation-type=\"advanced\" data-validation-messages=\"{&quot;inputmask&quot;:&quot;Complete o n\u00famero do CNPJ.&quot;,&quot;empty&quot;:&quot;N\u00famero do CNPJ vazio.&quot;}\" class=\"jet-form-builder-row field-type-text-field\" >\n<div class=\"jet-form-builder__label\">\r\n<div class=\"jet-form-builder__label-text\">CNPJ <span class=\"jet-form-builder__required\">*<\/span><\/div><\/div><div class=\"jet-form-builder__field-wrap\">\n\t\t\t\t<input required=\"required\" name=\"cnpj\" id=\"cnpj\" type=\"text\" data-field-name=\"cnpj\" class=\"jet-form-builder__field text-field jet-form-builder__masked-field\" data-jfb-sync=\"null\" autocomplete=\"off_xk8Pi5R3\" data-inputmask=\"&#039;mask&#039;: &#039;99.999.999\/9999.99&#039;\" data-inputmask-placeholder=\"_\" data-inputmask-clearmaskonlostfocus=\"false\">\n\t\t\t\t\t<\/div>\n<\/div>\n\n<div  class=\"jet-form-builder-row field-type-text-field\" >\n<div class=\"jet-form-builder__label\">\r\n<div class=\"jet-form-builder__label-text\">Site da loja <span class=\"jet-form-builder__required\">*<\/span><\/div><\/div><div class=\"jet-form-builder__field-wrap\">\n\t\t\t\t<input required=\"required\" name=\"site_da_loja\" id=\"site_da_loja\" type=\"text\" data-field-name=\"site_da_loja\" class=\"jet-form-builder__field text-field\" data-jfb-sync=\"null\" autocomplete=\"off_HjezSxW8\">\n\t\t\t\t\t<\/div>\n<\/div>\n\n<div  class=\"jet-form-builder-row field-type-select-field wp-block-jet-forms-select-field\">\n<div class=\"jet-form-builder__label\">\r\n<div class=\"jet-form-builder__label-text\">Voc\u00ea possui integrador?<\/div><\/div><div class=\"jet-form-builder__field-wrap\">\n\t<select class=\"jet-form-builder__field select-field\" name=\"voce_possui_integrador\" data-field-name=\"voce_possui_integrador\" id=\"voce_possui_integrador\" data-jfb-sync=\"null\">\n\t\t<option value=\"\"  selected>Selecione<\/option><option value=\"false\" >N\u00e3o<\/option><option value=\"true\" >Sim<\/option>\t<\/select>\n<\/div>\n<\/div>\n\n<div  class=\"jet-form-builder-row field-type-select-field wp-block-jet-forms-select-field\">\n<div class=\"jet-form-builder__label\">\r\n<div class=\"jet-form-builder__label-text\">Voc\u00ea emite NfS-e?<\/div><\/div><div class=\"jet-form-builder__field-wrap\">\n\t<select class=\"jet-form-builder__field select-field\" name=\"voce_emite_nfs_e\" data-field-name=\"voce_emite_nfs_e\" id=\"voce_emite_nfs_e\" data-jfb-sync=\"null\">\n\t\t<option value=\"\"  selected>Selecione<\/option><option value=\"false\" >N\u00e3o<\/option><option value=\"true\" >Sim<\/option>\t<\/select>\n<\/div>\n<\/div>\n\n<div  class=\"jet-form-builder-row field-type-select-field wp-block-jet-forms-select-field\">\n<div class=\"jet-form-builder__label\">\r\n<div class=\"jet-form-builder__label-text\">Qual sua principal categoria de produtos anunciados?<\/div><\/div><div class=\"jet-form-builder__field-wrap\">\n\t<select class=\"jet-form-builder__field select-field\" name=\"qual_sua_principal_categoria_de_produtos_anunciados\" data-field-name=\"qual_sua_principal_categoria_de_produtos_anunciados\" id=\"qual_sua_principal_categoria_de_produtos_anunciados\" data-jfb-sync=\"null\">\n\t\t<option value=\"\"  selected>Selecione<\/option><option value=\"agro_industria_e_comercio\" >Agro Ind\u00fastria e Com\u00e9rcio<\/option><option value=\"artesanato\" >Artesanato<\/option><option value=\"artigos_de_tabacaria\" >Artigos de Tabacaria<\/option><option value=\"automotivos\" >Automotivos<\/option><option value=\"bebes\" >Beb\u00eas<\/option><option value=\"beleza_e_perfumaria\" >Beleza e Perfumaria<\/option><option value=\"bem-estar_sexual\" >Bem-estar Sexual<\/option><option value=\"brinquedos\" >Brinquedos<\/option><option value=\"cama_mesa_e_banho\" >Cama Mesa e Banho<\/option><option value=\"cameras_e_drones\" >C\u00e2meras e Drones<\/option><option value=\"casa_e_construcao\" >Casa e Constru\u00e7\u00e3o<\/option><option value=\"climatizacao\" >Climatiza\u00e7\u00e3o<\/option><option value=\"decoracao\" >Decora\u00e7\u00e3o<\/option><option value=\"eletrodomesticos\" >Eletrodom\u00e9sticos<\/option><option value=\"eletroportateis\" >Eletroport\u00e1teis<\/option><option value=\"esporte_e_lazer\" >Esporte e Lazer<\/option><option value=\"ferramentas\" >Ferramentas<\/option><option value=\"festas_e_fantasias\" >Festas e Fantasias<\/option><option value=\"informatica\" >Inform\u00e1tica<\/option><option value=\"instrumentos_musicais\" >Instrumentos Musicais<\/option><option value=\"livros\" >Livros<\/option><option value=\"mercado\" >Mercado<\/option><option value=\"moda__calcados_e_vestuario\" >Moda (Cal\u00e7ados e Vestu\u00e1rio)<\/option><option value=\"moda__acessorios_bolsas_carteiras_joias_e_semijoias\" >Moda (Acess\u00f3rios Bolsas Carteiras Joias e Semij\u00f3ias)<\/option><option value=\"moda__malas_e_mochilas\" >Moda (Malas e Mochilas)<\/option><option value=\"moda__relogios_e_oculos_de_sol\" >Moda (Rel\u00f3gios e \u00d3culos de Sol)<\/option><option value=\"moveis\" >M\u00f3veis<\/option><option value=\"mundo_gamer\" >Mundo Gamer<\/option><option value=\"musicas_filmes_e_seriados\" >M\u00fasicas Filmes e Seriados<\/option><option value=\"papelaria\" >Papelaria<\/option><option value=\"pecas_e_acessorios\" >Pe\u00e7as e Acess\u00f3rios<\/option><option value=\"pet_shop\" >Pet Shop<\/option><option value=\"religiao_e_espiritualidade\" >Religi\u00e3o e Espiritualidade<\/option><option value=\"saude_e_bem-estar\" >Sa\u00fade e Bem-estar<\/option><option value=\"servicos\" >Servi\u00e7os<\/option><option value=\"smartphones_celulares_e_wearables\" >Smartphones Celulares e Wearables<\/option><option value=\"suplementos_alimentares\" >Suplementos Alimentares<\/option><option value=\"telefonia_fixa\" >Telefonia Fixa<\/option><option value=\"tv_audio_e_video\" >TV \u00c1udio e V\u00eddeo<\/option><option value=\"utilidades_domesticas\" >Utilidades Dom\u00e9sticas<\/option><option value=\"outros\" >Outros<\/option>\t<\/select>\n<\/div>\n<\/div>\n\n<div  class=\"jet-form-builder-row field-type-submit-field\" >\n\t<div data-type=\"submit\" class=\"jet-form-builder__action-button-wrapper jet-form-builder__submit-wrap has-prev\">\n<button type=\"button\" class=\"jet-form-builder__prev-page\" data-to-page=\"1\">Retornar<\/button>\t<button class=\"jet-form-builder__action-button jet-form-builder__submit submit-type-reload\" type=\"submit\">Enviar<\/button>\n\t<\/div>\n\t\n<\/div>\n\n\n<p><\/p>\n<\/div>\t<div class=\"jet-form-builder-messages-wrap\" data-form-id=\"316\"><\/div>\n<input type=\"hidden\" name=\"trp-form-language\" value=\"en\"\/><\/form>\n\t\t\t\t<\/div>\n\t\t\t\t<\/div>\n\t\t\t\t<\/div>\n\t\t\t\t<\/div>","protected":false},"excerpt":{"rendered":"<p>Dados do Usu\u00e1rio Email Nome contato * Cargo * SelecioneCEODiretorGerenteCoordenadorSupervisorAnalistaAssistenteOutros Telefone * Seguir Dados da Loja CNPJ * Site da loja * Voc\u00ea possui integrador? SelecioneN\u00e3oSim Voc\u00ea emite NfS-e? SelecioneN\u00e3oSim Qual sua principal categoria de produtos anunciados? SelecioneAgro Ind\u00fastria e Com\u00e9rcioArtesanatoArtigos de TabacariaAutomotivosBeb\u00easBeleza e PerfumariaBem-estar SexualBrinquedosCama Mesa e BanhoC\u00e2meras e DronesCasa e Constru\u00e7\u00e3oClimatiza\u00e7\u00e3oDecora\u00e7\u00e3oEletrodom\u00e9sticosEletroport\u00e1teisEsporte e LazerFerramentasFestas [&hellip;]<\/p>","protected":false},"author":1,"featured_media":0,"parent":0,"menu_order":0,"comment_status":"closed","ping_status":"closed","template":"elementor_header_footer","meta":{"pmpro_default_level":"","_jf_save_progress":"","footnotes":""},"class_list":["post-308","page","type-page","status-publish","hentry","pmpro-has-access"],"_links":{"self":[{"href":"https:\/\/webco.joaovmoreira.com\/en\/wp-json\/wp\/v2\/pages\/308","targetHints":{"allow":["GET"]}}],"collection":[{"href":"https:\/\/webco.joaovmoreira.com\/en\/wp-json\/wp\/v2\/pages"}],"about":[{"href":"https:\/\/webco.joaovmoreira.com\/en\/wp-json\/wp\/v2\/types\/page"}],"author":[{"embeddable":true,"href":"https:\/\/webco.joaovmoreira.com\/en\/wp-json\/wp\/v2\/users\/1"}],"replies":[{"embeddable":true,"href":"https:\/\/webco.joaovmoreira.com\/en\/wp-json\/wp\/v2\/comments?post=308"}],"version-history":[{"count":40,"href":"https:\/\/webco.joaovmoreira.com\/en\/wp-json\/wp\/v2\/pages\/308\/revisions"}],"predecessor-version":[{"id":1167,"href":"https:\/\/webco.joaovmoreira.com\/en\/wp-json\/wp\/v2\/pages\/308\/revisions\/1167"}],"wp:attachment":[{"href":"https:\/\/webco.joaovmoreira.com\/en\/wp-json\/wp\/v2\/media?parent=308"}],"curies":[{"name":"wp","href":"https:\/\/api.w.org\/{rel}","templated":true}]}}