{"id":442,"date":"2025-10-23T15:03:41","date_gmt":"2025-10-23T18:03:41","guid":{"rendered":"https:\/\/webco.joaovmoreira.com\/?page_id=442"},"modified":"2025-12-12T17:51:38","modified_gmt":"2025-12-12T20:51:38","slug":"sobre","status":"publish","type":"page","link":"https:\/\/webco.joaovmoreira.com\/en\/sobre\/","title":{"rendered":"About"},"content":{"rendered":"<div data-elementor-type=\"wp-page\" data-elementor-id=\"442\" class=\"elementor elementor-442\" data-elementor-post-type=\"page\">\n\t\t\t\t<div class=\"elementor-element elementor-element-7c60fd9 e-grid e-con-full e-con e-parent\" data-id=\"7c60fd9\" data-element_type=\"container\" data-settings=\"{&quot;background_background&quot;:&quot;classic&quot;}\">\n\t\t<div class=\"elementor-element elementor-element-6aa044b e-con-full e-flex e-con e-child\" data-id=\"6aa044b\" data-element_type=\"container\">\n\t\t\t\t<div class=\"elementor-element elementor-element-0fffcd3 elementor-widget elementor-widget-heading\" data-id=\"0fffcd3\" data-element_type=\"widget\" data-widget_type=\"heading.default\">\n\t\t\t\t\t<h1 class=\"elementor-heading-title elementor-size-default\">Mais que um Marketplace.<br>Um ecossistema de varejo<br>com 18 anos de hist\u00f3ria!<\/h1>\t\t\t\t<\/div>\n\t\t\t\t<div class=\"elementor-element elementor-element-bb09728 elementor-widget elementor-widget-text-editor\" data-id=\"bb09728\" data-element_type=\"widget\" data-widget_type=\"text-editor.default\">\n\t\t\t\t\t\t\t\t\tNascemos do varejo, crescemos no digital e hoje somos\no\nMaior<br> Marketplace do Sul do Brasil. Conectamos sua\nloja a\nmilh\u00f5es de<br> consumidores com a expertise de\nquem vive o\ne-commerce<br> todos os dias.\t\t\t\t\t\t\t\t<\/div>\n\t\t\t\t<\/div>\n\t\t\t\t<div class=\"elementor-element elementor-element-0dbec4e elementor-widget elementor-widget-image\" data-id=\"0dbec4e\" data-element_type=\"widget\" data-widget_type=\"image.default\">\n\t\t\t\t\t\t\t\t\t\t\t\t\t\t\t<img fetchpriority=\"high\" decoding=\"async\" width=\"793\" height=\"669\" src=\"https:\/\/webco.joaovmoreira.com\/wp-content\/uploads\/2025\/12\/1-4.png\" class=\"attachment-large size-large wp-image-1580\" alt=\"\" srcset=\"https:\/\/webco.joaovmoreira.com\/wp-content\/uploads\/2025\/12\/1-4.png 793w, https:\/\/webco.joaovmoreira.com\/wp-content\/uploads\/2025\/12\/1-4-300x253.png 300w, https:\/\/webco.joaovmoreira.com\/wp-content\/uploads\/2025\/12\/1-4-768x648.png 768w\" sizes=\"(max-width: 793px) 100vw, 793px\" \/>\t\t\t\t\t\t\t\t\t\t\t\t\t\t\t<\/div>\n\t\t\t\t<\/div>\n\t\t<div class=\"elementor-element elementor-element-4ecb451 e-con-full e-flex e-con e-parent\" data-id=\"4ecb451\" data-element_type=\"container\">\n\t\t\t\t<div class=\"elementor-element elementor-element-874b9df elementor-widget elementor-widget-heading\" data-id=\"874b9df\" data-element_type=\"widget\" data-widget_type=\"heading.default\">\n\t\t\t\t\t<h3 class=\"elementor-heading-title elementor-size-default\">Plataforma constru\u00edda<br>de Seller para Seller<\/h3>\t\t\t\t<\/div>\n\t\t\t\t<div class=\"elementor-element elementor-element-4bd191f elementor-widget elementor-widget-text-editor\" data-id=\"4bd191f\" data-element_type=\"widget\" data-widget_type=\"text-editor.default\">\n\t\t\t\t\t\t\t\t\t<p>Com uma trajet\u00f3ria iniciada em 2007, constru\u00edmos nossa reputa\u00e7\u00e3o vendendo diretamente ao consumidor final.<\/p><p>Em 2016, demos um grande passo: transformamos nossa expertise em plataforma. Abrimos nossas portas para que outros lojistas pudessem vender dentro do nosso ecossistema, criando um marketplace multicategorias que une a for\u00e7a de grandes ind\u00fastrias \u00e0 agilidade de milhares de sellers parceiros.<\/p><p>Entendemos os seus desafios porque j\u00e1 estivemos no seu lugar. \u00c9 por isso que nossa opera\u00e7\u00e3o \u00e9 focada em performance, humaniza\u00e7\u00e3o e resultados reais!<\/p>\t\t\t\t\t\t\t\t<\/div>\n\t\t<div class=\"elementor-element elementor-element-55f91e0 e-con-full e-flex e-con e-child\" data-id=\"55f91e0\" data-element_type=\"container\">\n\t\t<div class=\"elementor-element elementor-element-c53aaa7 e-con-full e-flex e-con e-child\" data-id=\"c53aaa7\" data-element_type=\"container\">\n\t\t\t\t<div class=\"elementor-element elementor-element-bedd6a2 elementor-widget elementor-widget-heading\" data-id=\"bedd6a2\" data-element_type=\"widget\" data-widget_type=\"heading.default\">\n\t\t\t\t\t<h3 class=\"elementor-heading-title elementor-size-default\">Excel\u00eancia reconhecida pelo mercado<\/h3>\t\t\t\t<\/div>\n\t\t\t\t<div class=\"elementor-element elementor-element-57ddf1c elementor-widget elementor-widget-text-editor\" data-id=\"57ddf1c\" data-element_type=\"widget\" data-widget_type=\"text-editor.default\">\n\t\t\t\t\t\t\t\t\tNosso compromisso com a inova\u00e7\u00e3o e a qualidade do servi\u00e7o prestado aos nossos sellers e consumidores nos colocou no topo.\t\t\t\t\t\t\t\t<\/div>\n\t\t\t\t<\/div>\n\t\t<div class=\"elementor-element elementor-element-5b0d399 e-con-full e-flex e-con e-child\" data-id=\"5b0d399\" data-element_type=\"container\">\n\t\t\t\t<div class=\"elementor-element elementor-element-5e6ae72 elementor-widget elementor-widget-image\" data-id=\"5e6ae72\" data-element_type=\"widget\" data-widget_type=\"image.default\">\n\t\t\t\t\t\t\t\t\t\t\t\t\t\t\t<img decoding=\"async\" width=\"447\" height=\"263\" src=\"https:\/\/webco.joaovmoreira.com\/wp-content\/uploads\/2025\/12\/Camada-5.png\" class=\"attachment-medium_large size-medium_large wp-image-1601\" alt=\"\" srcset=\"https:\/\/webco.joaovmoreira.com\/wp-content\/uploads\/2025\/12\/Camada-5.png 447w, https:\/\/webco.joaovmoreira.com\/wp-content\/uploads\/2025\/12\/Camada-5-300x177.png 300w\" sizes=\"(max-width: 447px) 100vw, 447px\" \/>\t\t\t\t\t\t\t\t\t\t\t\t\t\t\t<\/div>\n\t\t\t\t<div class=\"elementor-element elementor-element-3ca7529 elementor-widget elementor-widget-text-editor\" data-id=\"3ca7529\" data-element_type=\"widget\" data-widget_type=\"text-editor.default\">\n\t\t\t\t\t\t\t\t\t<p>Eleito um dos Melhores Marketplaces<br \/>do Brasil em 2023, 2024 e 2025.<\/p>\t\t\t\t\t\t\t\t<\/div>\n\t\t\t\t<\/div>\n\t\t\t\t<\/div>\n\t\t\t\t<\/div>\n\t\t<div class=\"elementor-element elementor-element-bc66971 e-con-full e-flex e-con e-parent\" data-id=\"bc66971\" data-element_type=\"container\" data-settings=\"{&quot;background_background&quot;:&quot;classic&quot;}\">\n\t\t\t\t<div class=\"elementor-element elementor-element-85e1ec3 elementor-widget elementor-widget-heading\" data-id=\"85e1ec3\" data-element_type=\"widget\" data-widget_type=\"heading.default\">\n\t\t\t\t\t<h2 class=\"elementor-heading-title elementor-size-default\">BIG NUMBERS<\/h2>\t\t\t\t<\/div>\n\t\t<div class=\"elementor-element elementor-element-002b6e2 e-grid e-con-full e-con e-child\" data-id=\"002b6e2\" data-element_type=\"container\">\n\t\t\t\t<div class=\"elementor-element elementor-element-2ff756e elementor-position-left elementor-vertical-align-middle elementor-widget elementor-widget-image-box\" data-id=\"2ff756e\" data-element_type=\"widget\" data-widget_type=\"image-box.default\">\n\t\t\t\t\t<div class=\"elementor-image-box-wrapper\"><figure class=\"elementor-image-box-img\"><img decoding=\"async\" width=\"158\" height=\"176\" src=\"https:\/\/webco.joaovmoreira.com\/wp-content\/uploads\/2025\/12\/trophy.png\" class=\"attachment-full size-full wp-image-1588\" alt=\"\" \/><\/figure><div class=\"elementor-image-box-content\"><h3 class=\"elementor-image-box-title\"><span style=\"color: #00E1FF;\">+18 anos <\/span> de atua\u00e7\u00e3o<br> no mercado online<\/h3><\/div><\/div>\t\t\t\t<\/div>\n\t\t\t\t<div class=\"elementor-element elementor-element-df1a2d8 elementor-position-left elementor-vertical-align-middle elementor-widget elementor-widget-image-box\" data-id=\"df1a2d8\" data-element_type=\"widget\" data-widget_type=\"image-box.default\">\n\t\t\t\t\t<div class=\"elementor-image-box-wrapper\"><figure class=\"elementor-image-box-img\"><img loading=\"lazy\" decoding=\"async\" width=\"170\" height=\"170\" src=\"https:\/\/webco.joaovmoreira.com\/wp-content\/uploads\/2025\/12\/human.png\" class=\"attachment-full size-full wp-image-1589\" alt=\"\" srcset=\"https:\/\/webco.joaovmoreira.com\/wp-content\/uploads\/2025\/12\/human.png 170w, https:\/\/webco.joaovmoreira.com\/wp-content\/uploads\/2025\/12\/human-150x150.png 150w\" sizes=\"(max-width: 170px) 100vw, 170px\" \/><\/figure><div class=\"elementor-image-box-content\"><h3 class=\"elementor-image-box-title\"><span style=\"color: #00E1FF;\">+ 3.000 <\/span> sellers ativos<br> na plataforma<\/h3><\/div><\/div>\t\t\t\t<\/div>\n\t\t\t\t<div class=\"elementor-element elementor-element-cb13fa2 elementor-position-left elementor-vertical-align-middle elementor-widget elementor-widget-image-box\" data-id=\"cb13fa2\" data-element_type=\"widget\" data-widget_type=\"image-box.default\">\n\t\t\t\t\t<div class=\"elementor-image-box-wrapper\"><figure class=\"elementor-image-box-img\"><img loading=\"lazy\" decoding=\"async\" width=\"150\" height=\"176\" src=\"https:\/\/webco.joaovmoreira.com\/wp-content\/uploads\/2025\/12\/shopping-bag.png\" class=\"attachment-full size-full wp-image-1590\" alt=\"\" \/><\/figure><div class=\"elementor-image-box-content\"><h3 class=\"elementor-image-box-title\"><span style=\"color: #00E1FF;\">+ 2 milh\u00f5es <\/span> de<br> produtos no cat\u00e1logo<\/h3><\/div><\/div>\t\t\t\t<\/div>\n\t\t\t\t<div class=\"elementor-element elementor-element-06aec5b elementor-position-left elementor-vertical-align-middle elementor-widget elementor-widget-image-box\" data-id=\"06aec5b\" data-element_type=\"widget\" data-widget_type=\"image-box.default\">\n\t\t\t\t\t<div class=\"elementor-image-box-wrapper\"><figure class=\"elementor-image-box-img\"><img loading=\"lazy\" decoding=\"async\" width=\"176\" height=\"150\" src=\"https:\/\/webco.joaovmoreira.com\/wp-content\/uploads\/2025\/12\/group.png\" class=\"attachment-full size-full wp-image-1591\" alt=\"\" \/><\/figure><div class=\"elementor-image-box-content\"><h3 class=\"elementor-image-box-title\"><span style=\"color: #00E1FF;\">+ 550 <\/span><br> colaboradores<\/h3><\/div><\/div>\t\t\t\t<\/div>\n\t\t\t\t<\/div>\n\t\t\t\t<div class=\"elementor-element elementor-element-7624747 elementor-widget elementor-widget-image\" data-id=\"7624747\" data-element_type=\"widget\" data-widget_type=\"image.default\">\n\t\t\t\t\t\t\t\t\t\t\t\t\t\t\t<img loading=\"lazy\" decoding=\"async\" width=\"1536\" height=\"755\" src=\"https:\/\/webco.joaovmoreira.com\/wp-content\/uploads\/2025\/12\/linhadotempo-1536x755.png\" class=\"attachment-1536x1536 size-1536x1536 wp-image-1596\" alt=\"\" srcset=\"https:\/\/webco.joaovmoreira.com\/wp-content\/uploads\/2025\/12\/linhadotempo-1536x755.png 1536w, https:\/\/webco.joaovmoreira.com\/wp-content\/uploads\/2025\/12\/linhadotempo-300x147.png 300w, https:\/\/webco.joaovmoreira.com\/wp-content\/uploads\/2025\/12\/linhadotempo-1024x503.png 1024w, https:\/\/webco.joaovmoreira.com\/wp-content\/uploads\/2025\/12\/linhadotempo-768x377.png 768w, https:\/\/webco.joaovmoreira.com\/wp-content\/uploads\/2025\/12\/linhadotempo.png 1775w\" sizes=\"(max-width: 1536px) 100vw, 1536px\" \/>\t\t\t\t\t\t\t\t\t\t\t\t\t\t\t<\/div>\n\t\t<div class=\"elementor-element elementor-element-e317273 e-con-full e-flex e-con e-child\" data-id=\"e317273\" data-element_type=\"container\">\n\t\t<div class=\"elementor-element elementor-element-338b350 e-con-full e-flex e-con e-child\" data-id=\"338b350\" data-element_type=\"container\">\n\t\t\t\t<div class=\"elementor-element elementor-element-db7da43 elementor-widget__width-inherit elementor-widget elementor-widget-text-editor\" data-id=\"db7da43\" data-element_type=\"widget\" data-widget_type=\"text-editor.default\">\n\t\t\t\t\t\t\t\t\t<p>Junte-se a mais de <span style=\"color: #00e1ff;\">3.000 sellers<\/span> que escolheram a solidez da Webcontinental para aumentar suas vendas online.<\/p>\t\t\t\t\t\t\t\t<\/div>\n\t\t\t\t<div class=\"elementor-element elementor-element-f0a606f elementor-align-left elementor-widget elementor-widget-button\" data-id=\"f0a606f\" data-element_type=\"widget\" data-widget_type=\"button.default\">\n\t\t\t\t\t\t\t\t\t\t<a class=\"elementor-button elementor-button-link elementor-size-sm\" href=\"https:\/\/webco.joaovmoreira.com\/en\/formsseller\/\">\n\t\t\t\t\t\t<span class=\"elementor-button-content-wrapper\">\n\t\t\t\t\t\t\t\t\t<span class=\"elementor-button-text\">Quero ser um seller<\/span>\n\t\t\t\t\t<\/span>\n\t\t\t\t\t<\/a>\n\t\t\t\t\t\t\t\t<\/div>\n\t\t\t\t<\/div>\n\t\t\t\t<div class=\"elementor-element elementor-element-e3fb4e5 elementor-widget elementor-widget-image\" data-id=\"e3fb4e5\" data-element_type=\"widget\" data-widget_type=\"image.default\">\n\t\t\t\t\t\t\t\t\t\t\t\t\t\t\t<img loading=\"lazy\" decoding=\"async\" width=\"535\" height=\"716\" src=\"https:\/\/webco.joaovmoreira.com\/wp-content\/uploads\/2025\/12\/smiling-woman-blue-shirt-earrings-generative-ai.png\" class=\"attachment-large size-large wp-image-1615\" alt=\"\" srcset=\"https:\/\/webco.joaovmoreira.com\/wp-content\/uploads\/2025\/12\/smiling-woman-blue-shirt-earrings-generative-ai.png 535w, https:\/\/webco.joaovmoreira.com\/wp-content\/uploads\/2025\/12\/smiling-woman-blue-shirt-earrings-generative-ai-224x300.png 224w\" sizes=\"(max-width: 535px) 100vw, 535px\" \/>\t\t\t\t\t\t\t\t\t\t\t\t\t\t\t<\/div>\n\t\t\t\t<\/div>\n\t\t\t\t<\/div>\n\t\t\t\t<\/div>","protected":false},"excerpt":{"rendered":"<p>Mais que um Marketplace.Um ecossistema de varejocom 18 anos de hist\u00f3ria! Nascemos do varejo, crescemos no digital e hoje somos o Maior Marketplace do Sul do Brasil. Conectamos sua loja a milh\u00f5es de consumidores com a expertise de quem vive o e-commerce todos os dias. Plataforma constru\u00eddade Seller para Seller Com uma trajet\u00f3ria iniciada em [&hellip;]<\/p>","protected":false},"author":1,"featured_media":0,"parent":0,"menu_order":0,"comment_status":"closed","ping_status":"closed","template":"elementor_header_footer","meta":{"pmpro_default_level":"","_jf_save_progress":"","footnotes":""},"class_list":["post-442","page","type-page","status-publish","hentry","pmpro-has-access"],"_links":{"self":[{"href":"https:\/\/webco.joaovmoreira.com\/en\/wp-json\/wp\/v2\/pages\/442","targetHints":{"allow":["GET"]}}],"collection":[{"href":"https:\/\/webco.joaovmoreira.com\/en\/wp-json\/wp\/v2\/pages"}],"about":[{"href":"https:\/\/webco.joaovmoreira.com\/en\/wp-json\/wp\/v2\/types\/page"}],"author":[{"embeddable":true,"href":"https:\/\/webco.joaovmoreira.com\/en\/wp-json\/wp\/v2\/users\/1"}],"replies":[{"embeddable":true,"href":"https:\/\/webco.joaovmoreira.com\/en\/wp-json\/wp\/v2\/comments?post=442"}],"version-history":[{"count":28,"href":"https:\/\/webco.joaovmoreira.com\/en\/wp-json\/wp\/v2\/pages\/442\/revisions"}],"predecessor-version":[{"id":1625,"href":"https:\/\/webco.joaovmoreira.com\/en\/wp-json\/wp\/v2\/pages\/442\/revisions\/1625"}],"wp:attachment":[{"href":"https:\/\/webco.joaovmoreira.com\/en\/wp-json\/wp\/v2\/media?parent=442"}],"curies":[{"name":"wp","href":"https:\/\/api.w.org\/{rel}","templated":true}]}}